{"id":598,"date":"2022-10-24T09:34:27","date_gmt":"2022-10-24T07:34:27","guid":{"rendered":"https:\/\/www.erikandler.com\/legal-notice\/"},"modified":"2025-11-21T10:54:12","modified_gmt":"2025-11-21T09:54:12","slug":"legal-notice","status":"publish","type":"page","link":"https:\/\/www.erikandler.com\/en\/legal-notice\/","title":{"rendered":"Legal Notice"},"content":{"rendered":"<p><strong>Legal information<\/strong><\/p>\n<p>Erik Andler<\/p>\n<p>Place of activity : Saint-Etienne<\/p>\n<p>E-mail: erik.andler@gmail.com<\/p>\n<p>Num\u00e9ro de t\u00e9l\u00e9phone : +33 (4) 69 60 99 38<\/p>\n<p>SIRET identify : 520 110 289 00037<\/p>\n<p>TVA : Franchise en base<\/p>\n<p>This website is hosted at SAS OVH, french company, headquarter office 2 rue Kellermann 59100 Roubaix (France), on RCS of Roubaix at number B424 761 419<\/p>\n<p>Phone number of host SAS OVH : 0033 (8) 203 203 63<\/p>\n<p><strong>Terms and conditions<\/strong><\/p>\n<p>This website is a showcase that presents artwork and artistic approach of the artist Erik Andler.<\/p>\n<p>To purchase a artwork, please make a request from the \u201cContact\u201d tab of the site. (Delivery in France and internationally).<\/p>\n<p><strong>Copyright<\/strong><\/p>\n<p>The content of this website is the exclusive property of the artist Erik Andler.<\/p>\n<p>Distorted Date\u2122 is a registered trademark (INPI, France), owned by Erik Andler.<\/p>\n<p>\u00a9 2025 ERIK ANDLER. All rights reserved.<\/p><\/p>\n","protected":false},"excerpt":{"rendered":"<p>Legal information Erik Andler Place of activity : Saint-Etienne E-mail: erik.andler@gmail.com Num\u00e9ro de t\u00e9l\u00e9phone : +33 (4) 69 60 99 38 SIRET identify : 520 110 289 00037 TVA : Franchise en base This website is hosted at SAS OVH, french company, headquarter office 2 rue Kellermann 59100 Roubaix (France), on RCS of Roubaix at [&hellip;]<\/p>\n","protected":false},"author":2,"featured_media":0,"parent":0,"menu_order":15,"comment_status":"closed","ping_status":"closed","template":"","meta":{"footnotes":""},"class_list":["post-598","page","type-page","status-publish","hentry"],"_links":{"self":[{"href":"https:\/\/www.erikandler.com\/en\/wp-json\/wp\/v2\/pages\/598","targetHints":{"allow":["GET"]}}],"collection":[{"href":"https:\/\/www.erikandler.com\/en\/wp-json\/wp\/v2\/pages"}],"about":[{"href":"https:\/\/www.erikandler.com\/en\/wp-json\/wp\/v2\/types\/page"}],"author":[{"embeddable":true,"href":"https:\/\/www.erikandler.com\/en\/wp-json\/wp\/v2\/users\/2"}],"replies":[{"embeddable":true,"href":"https:\/\/www.erikandler.com\/en\/wp-json\/wp\/v2\/comments?post=598"}],"version-history":[{"count":19,"href":"https:\/\/www.erikandler.com\/en\/wp-json\/wp\/v2\/pages\/598\/revisions"}],"predecessor-version":[{"id":1070,"href":"https:\/\/www.erikandler.com\/en\/wp-json\/wp\/v2\/pages\/598\/revisions\/1070"}],"wp:attachment":[{"href":"https:\/\/www.erikandler.com\/en\/wp-json\/wp\/v2\/media?parent=598"}],"curies":[{"name":"wp","href":"https:\/\/api.w.org\/{rel}","templated":true}]}}